{"id":2,"date":"2023-04-25T03:37:53","date_gmt":"2023-04-25T03:37:53","guid":{"rendered":"http:\/\/criptoniza2.com\/?page_id=2"},"modified":"2023-04-25T04:48:28","modified_gmt":"2023-04-25T04:48:28","slug":"pagina-ejemplo","status":"publish","type":"page","link":"https:\/\/criptoniza2.com\/index.php\/pagina-ejemplo\/","title":{"rendered":"Nosotros"},"content":{"rendered":"\n<p>\u00a1Bienvenido a Criptoniza2, el podcast sobre criptomonedas y web3 que te explica todo de una manera entretenida y f\u00e1cil de entender!<\/p>\n\n\n\n<p>En este sitio web puedes encontrar art\u00edculos relacionados con el mundo de las criptomonedas y la web3, para mantenerse al d\u00eda con las \u00faltimas noticias y tendencias.<\/p>\n\n\n\n<p>En Criptoniza2 creemos que aprender sobre criptomonedas y web3 no tiene que ser aburrido ni confuso. Por eso, en cada episodio, presentamos temas complejos de una manera entretenida y f\u00e1cil de entender, utilizando analog\u00edas simples y ejemplos pr\u00e1cticos. Nuestro objetivo es hacer que el mundo de las criptomonedas y la web3 sea accesible para todos, independientemente de su nivel de conocimiento previo.<\/p>\n\n\n\n<p>As\u00ed que no dudes en explorar nuestro sitio web y descubrir todo lo que Criptoniza2 tiene para ofrecer. <\/p>\n\n\n\n<p><\/p>\n\n\n\n<p><\/p>\n\n\n\n<figure class=\"wp-block-embed is-type-video is-provider-youtube wp-block-embed-youtube wp-embed-aspect-16-9 wp-has-aspect-ratio\"><div class=\"wp-block-embed__wrapper\">\n<iframe loading=\"lazy\" title=\"Bienvenido a Criptoniza2\" width=\"640\" height=\"360\" src=\"https:\/\/www.youtube.com\/embed\/Mde6jCQ3Vd8?feature=oembed\" frameborder=\"0\" allow=\"accelerometer; autoplay; clipboard-write; encrypted-media; gyroscope; picture-in-picture; web-share\" allowfullscreen><\/iframe>\n<\/div><\/figure>\n","protected":false},"excerpt":{"rendered":"<p>\u00a1Bienvenido a Criptoniza2, el podcast sobre criptomonedas y web3 que te explica todo de una manera entretenida y f\u00e1cil de entender! En este sitio web puedes encontrar art\u00edculos relacionados con el mundo de las criptomonedas y la web3, para mantenerse al d\u00eda con las \u00faltimas noticias y tendencias. En Criptoniza2 creemos que aprender sobre criptomonedas [&hellip;]<\/p>\n","protected":false},"author":1,"featured_media":0,"parent":0,"menu_order":0,"comment_status":"closed","ping_status":"open","template":"","meta":[],"_links":{"self":[{"href":"https:\/\/criptoniza2.com\/index.php\/wp-json\/wp\/v2\/pages\/2"}],"collection":[{"href":"https:\/\/criptoniza2.com\/index.php\/wp-json\/wp\/v2\/pages"}],"about":[{"href":"https:\/\/criptoniza2.com\/index.php\/wp-json\/wp\/v2\/types\/page"}],"author":[{"embeddable":true,"href":"https:\/\/criptoniza2.com\/index.php\/wp-json\/wp\/v2\/users\/1"}],"replies":[{"embeddable":true,"href":"https:\/\/criptoniza2.com\/index.php\/wp-json\/wp\/v2\/comments?post=2"}],"version-history":[{"count":1,"href":"https:\/\/criptoniza2.com\/index.php\/wp-json\/wp\/v2\/pages\/2\/revisions"}],"predecessor-version":[{"id":32,"href":"https:\/\/criptoniza2.com\/index.php\/wp-json\/wp\/v2\/pages\/2\/revisions\/32"}],"wp:attachment":[{"href":"https:\/\/criptoniza2.com\/index.php\/wp-json\/wp\/v2\/media?parent=2"}],"curies":[{"name":"wp","href":"https:\/\/api.w.org\/{rel}","templated":true}]}}